{"id":362,"date":"2021-08-17T17:03:43","date_gmt":"2021-08-17T17:03:43","guid":{"rendered":"https:\/\/demo.athemes.com\/botiga\/?page_id=362"},"modified":"2024-06-26T12:27:26","modified_gmt":"2024-06-26T12:27:26","slug":"home","status":"publish","type":"page","link":"https:\/\/colorsinyourlife.lt\/","title":{"rendered":"Prad\u017eia"},"content":{"rendered":"\n<div id=\"athemes-blocks-block-41d41a90\" class=\"wp-block-athemes-athemes-blocks-block-container athemes-blocks-block athemes-blocks-block-41d41a90 athemes-blocks-block-container alignfull\"><div class=\"athemes-blocks-block-container-wrapper athemes-blocks-block-container-bg-contain athemes-blocks-block-container-bg-effect-parallax\"><img class=\"athemes-blocks-background-image\" width=\"1500\" height=\"1110\" srcset=\"https:\/\/colorsinyourlife.lt\/wp-content\/uploads\/2024\/05\/202403-228.jpg 1500w, \" sizes=\"(max-width: 1500px) 100vw, 1500px\" alt=\"\"\/><div class=\"athemes-blocks-block-container-wrapper-content\">\n<div class=\"wp-block-columns\">\n<div class=\"wp-block-column\" style=\"flex-basis:66.66%\">\n<div class=\"wp-block-buttons\"><\/div>\n<\/div>\n<\/div>\n<\/div><\/div><\/div>\n\n\n\n<h2 class=\"wp-block-heading alignwide has-text-align-center\">Naujienos<\/h2>\n\n\n<div data-block-name=\"woocommerce\/product-new\" data-content-visibility=\"{&quot;title&quot;:true,&quot;price&quot;:true,&quot;rating&quot;:false,&quot;button&quot;:true}\" data-rows=\"1\" class=\"wc-block-grid wp-block-product-new wp-block-woocommerce-product-new wc-block-product-new has-3-columns\"><ul class=\"wc-block-grid__products\"><li class=\"wc-block-grid__product\">\n\t\t\t\t<a href=\"https:\/\/colorsinyourlife.lt\/index.php\/product\/laime\/\" class=\"wc-block-grid__product-link\">\n\t\t\t\t\t\n\t\t\t\t\t<div class=\"wc-block-grid__product-image\"><img decoding=\"async\" width=\"300\" height=\"400\" data-src=\"https:\/\/colorsinyourlife.lt\/wp-content\/uploads\/2025\/06\/laime-1-300x400.jpg\" class=\"attachment-woocommerce_thumbnail size-woocommerce_thumbnail lazyload\" alt=\"Laim\u0117\" data-srcset=\"https:\/\/colorsinyourlife.lt\/wp-content\/uploads\/2025\/06\/laime-1-300x400.jpg 300w, https:\/\/colorsinyourlife.lt\/wp-content\/uploads\/2025\/06\/laime-1-225x300.jpg 225w, https:\/\/colorsinyourlife.lt\/wp-content\/uploads\/2025\/06\/laime-1-768x1024.jpg 768w, https:\/\/colorsinyourlife.lt\/wp-content\/uploads\/2025\/06\/laime-1-1152x1536.jpg 1152w, https:\/\/colorsinyourlife.lt\/wp-content\/uploads\/2025\/06\/laime-1-1536x2048.jpg 1536w, https:\/\/colorsinyourlife.lt\/wp-content\/uploads\/2025\/06\/laime-1-9x12.jpg 9w, https:\/\/colorsinyourlife.lt\/wp-content\/uploads\/2025\/06\/laime-1-600x800.jpg 600w, https:\/\/colorsinyourlife.lt\/wp-content\/uploads\/2025\/06\/laime-1-75x100.jpg 75w, https:\/\/colorsinyourlife.lt\/wp-content\/uploads\/2025\/06\/laime-1-scaled.jpg 1920w\" data-sizes=\"(max-width: 300px) 100vw, 300px\" src=\"data:image\/svg+xml;base64,PHN2ZyB3aWR0aD0iMSIgaGVpZ2h0PSIxIiB4bWxucz0iaHR0cDovL3d3dy53My5vcmcvMjAwMC9zdmciPjwvc3ZnPg==\" style=\"--smush-placeholder-width: 300px; --smush-placeholder-aspect-ratio: 300\/400;\" \/><\/div>\n\t\t\t\t\t<div class=\"wc-block-grid__product-title\">Laim\u0117<\/div>\n\t\t\t\t<\/a>\n\t\t\t\t<div class=\"wc-block-grid__product-price price\"><span class=\"woocommerce-Price-amount amount\">99,00&nbsp;<span class=\"woocommerce-Price-currencySymbol\">&euro;<\/span><\/span><\/div>\n\t\t\t\t\n\t\t\t\t<div class=\"wp-block-button wc-block-grid__product-add-to-cart\"><a href=\"?add-to-cart=654\" aria-label=\"Add to cart: &ldquo;Laim\u0117&rdquo;\" data-quantity=\"1\" data-product_id=\"654\" data-product_sku=\"\" data-price=\"99\" rel=\"nofollow\" class=\"wp-block-button__link  add_to_cart_button ajax_add_to_cart\">\u012e krep\u0161el\u012f<\/a><\/div>\n\t\t\t<\/li><li class=\"wc-block-grid__product\">\n\t\t\t\t<a href=\"https:\/\/colorsinyourlife.lt\/index.php\/product\/coco-chanel-stiliaus-svarkelis\/\" class=\"wc-block-grid__product-link\">\n\t\t\t\t\t\n\t\t\t\t\t<div class=\"wc-block-grid__product-image\"><img decoding=\"async\" width=\"300\" height=\"472\" data-src=\"https:\/\/colorsinyourlife.lt\/wp-content\/uploads\/2025\/06\/Coco-Chanel-2-300x472.jpg\" class=\"attachment-woocommerce_thumbnail size-woocommerce_thumbnail lazyload\" alt=\"Coco Chanel stiliaus \u0161varkelis\" data-srcset=\"https:\/\/colorsinyourlife.lt\/wp-content\/uploads\/2025\/06\/Coco-Chanel-2-300x472.jpg 300w, https:\/\/colorsinyourlife.lt\/wp-content\/uploads\/2025\/06\/Coco-Chanel-2-191x300.jpg 191w, https:\/\/colorsinyourlife.lt\/wp-content\/uploads\/2025\/06\/Coco-Chanel-2-651x1024.jpg 651w, https:\/\/colorsinyourlife.lt\/wp-content\/uploads\/2025\/06\/Coco-Chanel-2-768x1209.jpg 768w, https:\/\/colorsinyourlife.lt\/wp-content\/uploads\/2025\/06\/Coco-Chanel-2-976x1536.jpg 976w, https:\/\/colorsinyourlife.lt\/wp-content\/uploads\/2025\/06\/Coco-Chanel-2-1301x2048.jpg 1301w, https:\/\/colorsinyourlife.lt\/wp-content\/uploads\/2025\/06\/Coco-Chanel-2-8x12.jpg 8w, https:\/\/colorsinyourlife.lt\/wp-content\/uploads\/2025\/06\/Coco-Chanel-2-600x944.jpg 600w, https:\/\/colorsinyourlife.lt\/wp-content\/uploads\/2025\/06\/Coco-Chanel-2-64x100.jpg 64w, https:\/\/colorsinyourlife.lt\/wp-content\/uploads\/2025\/06\/Coco-Chanel-2.jpg 1485w\" data-sizes=\"(max-width: 300px) 100vw, 300px\" src=\"data:image\/svg+xml;base64,PHN2ZyB3aWR0aD0iMSIgaGVpZ2h0PSIxIiB4bWxucz0iaHR0cDovL3d3dy53My5vcmcvMjAwMC9zdmciPjwvc3ZnPg==\" style=\"--smush-placeholder-width: 300px; --smush-placeholder-aspect-ratio: 300\/472;\" \/><\/div>\n\t\t\t\t\t<div class=\"wc-block-grid__product-title\">Coco Chanel stiliaus \u0161varkelis<\/div>\n\t\t\t\t<\/a>\n\t\t\t\t<div class=\"wc-block-grid__product-price price\"><span class=\"woocommerce-Price-amount amount\">220,00&nbsp;<span class=\"woocommerce-Price-currencySymbol\">&euro;<\/span><\/span><\/div>\n\t\t\t\t\n\t\t\t\t<div class=\"wp-block-button wc-block-grid__product-add-to-cart\"><a href=\"?add-to-cart=653\" aria-label=\"Add to cart: &ldquo;Coco Chanel stiliaus \u0161varkelis&rdquo;\" data-quantity=\"1\" data-product_id=\"653\" data-product_sku=\"\" data-price=\"220\" rel=\"nofollow\" class=\"wp-block-button__link  add_to_cart_button ajax_add_to_cart\">\u012e krep\u0161el\u012f<\/a><\/div>\n\t\t\t<\/li><li class=\"wc-block-grid__product\">\n\t\t\t\t<a href=\"https:\/\/colorsinyourlife.lt\/index.php\/product\/elegancija\/\" class=\"wc-block-grid__product-link\">\n\t\t\t\t\t\n\t\t\t\t\t<div class=\"wc-block-grid__product-image\"><img decoding=\"async\" width=\"300\" height=\"450\" data-src=\"https:\/\/colorsinyourlife.lt\/wp-content\/uploads\/2025\/06\/elegancija-300x450.jpeg\" class=\"attachment-woocommerce_thumbnail size-woocommerce_thumbnail lazyload\" alt=\"Elegancija\" data-srcset=\"https:\/\/colorsinyourlife.lt\/wp-content\/uploads\/2025\/06\/elegancija-300x450.jpeg 300w, https:\/\/colorsinyourlife.lt\/wp-content\/uploads\/2025\/06\/elegancija-200x300.jpeg 200w, https:\/\/colorsinyourlife.lt\/wp-content\/uploads\/2025\/06\/elegancija-683x1024.jpeg 683w, https:\/\/colorsinyourlife.lt\/wp-content\/uploads\/2025\/06\/elegancija-768x1152.jpeg 768w, https:\/\/colorsinyourlife.lt\/wp-content\/uploads\/2025\/06\/elegancija-8x12.jpeg 8w, https:\/\/colorsinyourlife.lt\/wp-content\/uploads\/2025\/06\/elegancija-600x900.jpeg 600w, https:\/\/colorsinyourlife.lt\/wp-content\/uploads\/2025\/06\/elegancija-67x100.jpeg 67w, https:\/\/colorsinyourlife.lt\/wp-content\/uploads\/2025\/06\/elegancija.jpeg 1024w\" data-sizes=\"(max-width: 300px) 100vw, 300px\" src=\"data:image\/svg+xml;base64,PHN2ZyB3aWR0aD0iMSIgaGVpZ2h0PSIxIiB4bWxucz0iaHR0cDovL3d3dy53My5vcmcvMjAwMC9zdmciPjwvc3ZnPg==\" style=\"--smush-placeholder-width: 300px; --smush-placeholder-aspect-ratio: 300\/450;\" \/><\/div>\n\t\t\t\t\t<div class=\"wc-block-grid__product-title\">Elegancija<\/div>\n\t\t\t\t<\/a>\n\t\t\t\t<div class=\"wc-block-grid__product-price price\"><span class=\"woocommerce-Price-amount amount\">180,00&nbsp;<span class=\"woocommerce-Price-currencySymbol\">&euro;<\/span><\/span><\/div>\n\t\t\t\t\n\t\t\t\t<div class=\"wp-block-button wc-block-grid__product-add-to-cart\"><a href=\"?add-to-cart=647\" aria-label=\"Add to cart: &ldquo;Elegancija&rdquo;\" data-quantity=\"1\" data-product_id=\"647\" data-product_sku=\"\" data-price=\"180\" rel=\"nofollow\" class=\"wp-block-button__link  add_to_cart_button ajax_add_to_cart\">\u012e krep\u0161el\u012f<\/a><\/div>\n\t\t\t<\/li><\/ul><\/div>\n\n","protected":false},"excerpt":{"rendered":"<p>Naujienos<\/p>\n","protected":false},"author":2,"featured_media":0,"parent":0,"menu_order":0,"comment_status":"closed","ping_status":"closed","template":"","meta":{"site-sidebar-layout":"default","site-content-layout":"","ast-site-content-layout":"default","site-content-style":"unboxed","site-sidebar-style":"default","ast-global-header-display":"","ast-banner-title-visibility":"","ast-main-header-display":"","ast-hfb-above-header-display":"","ast-hfb-below-header-display":"","ast-hfb-mobile-header-display":"","site-post-title":"disabled","ast-breadcrumbs-content":"","ast-featured-img":"","footer-sml-layout":"","theme-transparent-header-meta":"","adv-header-id-meta":"","stick-header-meta":"","header-above-stick-meta":"","header-main-stick-meta":"","header-below-stick-meta":"","astra-migrate-meta-layouts":"default","ast-page-background-enabled":"default","ast-page-background-meta":{"desktop":{"background-color":"var(--ast-global-color-4)","background-image":"","background-repeat":"repeat","background-position":"center center","background-size":"auto","background-attachment":"scroll","background-type":"","background-media":"","overlay-type":"","overlay-color":"","overlay-opacity":"","overlay-gradient":""},"tablet":{"background-color":"","background-image":"","background-repeat":"repeat","background-position":"center center","background-size":"auto","background-attachment":"scroll","background-type":"","background-media":"","overlay-type":"","overlay-color":"","overlay-opacity":"","overlay-gradient":""},"mobile":{"background-color":"","background-image":"","background-repeat":"repeat","background-position":"center center","background-size":"auto","background-attachment":"scroll","background-type":"","background-media":"","overlay-type":"","overlay-color":"","overlay-opacity":"","overlay-gradient":""}},"ast-content-background-meta":{"desktop":{"background-color":"var(--ast-global-color-5)","background-image":"","background-repeat":"repeat","background-position":"center center","background-size":"auto","background-attachment":"scroll","background-type":"","background-media":"","overlay-type":"","overlay-color":"","overlay-opacity":"","overlay-gradient":""},"tablet":{"background-color":"var(--ast-global-color-5)","background-image":"","background-repeat":"repeat","background-position":"center center","background-size":"auto","background-attachment":"scroll","background-type":"","background-media":"","overlay-type":"","overlay-color":"","overlay-opacity":"","overlay-gradient":""},"mobile":{"background-color":"var(--ast-global-color-5)","background-image":"","background-repeat":"repeat","background-position":"center center","background-size":"auto","background-attachment":"scroll","background-type":"","background-media":"","overlay-type":"","overlay-color":"","overlay-opacity":"","overlay-gradient":""}},"footnotes":""},"class_list":["post-362","page","type-page","status-publish","hentry"],"jetpack_sharing_enabled":true,"_links":{"self":[{"href":"https:\/\/colorsinyourlife.lt\/index.php\/wp-json\/wp\/v2\/pages\/362","targetHints":{"allow":["GET"]}}],"collection":[{"href":"https:\/\/colorsinyourlife.lt\/index.php\/wp-json\/wp\/v2\/pages"}],"about":[{"href":"https:\/\/colorsinyourlife.lt\/index.php\/wp-json\/wp\/v2\/types\/page"}],"author":[{"embeddable":true,"href":"https:\/\/colorsinyourlife.lt\/index.php\/wp-json\/wp\/v2\/users\/2"}],"replies":[{"embeddable":true,"href":"https:\/\/colorsinyourlife.lt\/index.php\/wp-json\/wp\/v2\/comments?post=362"}],"version-history":[{"count":42,"href":"https:\/\/colorsinyourlife.lt\/index.php\/wp-json\/wp\/v2\/pages\/362\/revisions"}],"predecessor-version":[{"id":637,"href":"https:\/\/colorsinyourlife.lt\/index.php\/wp-json\/wp\/v2\/pages\/362\/revisions\/637"}],"wp:attachment":[{"href":"https:\/\/colorsinyourlife.lt\/index.php\/wp-json\/wp\/v2\/media?parent=362"}],"curies":[{"name":"wp","href":"https:\/\/api.w.org\/{rel}","templated":true}]}}