{"id":492,"date":"2024-05-21T10:29:37","date_gmt":"2024-05-21T10:29:37","guid":{"rendered":"https:\/\/colorsinyourlife.lt\/?post_type=product&#038;p=492"},"modified":"2024-06-26T11:34:55","modified_gmt":"2024-06-26T11:34:55","slug":"pavasario-dvelksmas","status":"publish","type":"product","link":"https:\/\/colorsinyourlife.lt\/index.php\/product\/pavasario-dvelksmas\/","title":{"rendered":"Pavasario dvelksmas"},"content":{"rendered":"<p>Kas vienai gra\u017ei liemen\u0117, kitai yra palaidin\u0117 vasarai. O gal abu \u0161ie teiginiai gali b\u016bti sujungti?<br \/>\nPavasario dvelksmas tai tarsi naujas gaivus v\u0117jas tavo r\u016bb\u0173 spintai. Jei reiks, tai papildys ir papuo\u0161 tavo turim\u0105 garderob\u0105.<br \/>\nJis ir vienas yra perliukas, d\u0117vimas su sijonu.<br \/>\nJei m\u0117gsti sportin\u012f stili\u0173 d\u0117v\u0117dama \u0161i\u0105 liemen\u0119- palaidin\u0119 visada b\u016bsi pasipuo\u0161usi.<\/p>\n","protected":false},"excerpt":{"rendered":"<p>Patiko? Susisiek asmenine \u017einute ir aptarkime dyd\u012f, spalv\u0105 ir kitus norus.<br \/>\nU\u017esakymas tvirtinamas el. pa\u0161tu: <a href=\"mailto:jolanta.skuciene@gmail.com\" target=\"_blank\" rel=\"nofollow noopener\">jolanta.skuciene@gmail.com<\/a><\/p>\n","protected":false},"featured_media":497,"template":"","meta":{"site-sidebar-layout":"default","site-content-layout":"","ast-site-content-layout":"default","site-content-style":"default","site-sidebar-style":"default","ast-global-header-display":"","ast-banner-title-visibility":"","ast-main-header-display":"","ast-hfb-above-header-display":"","ast-hfb-below-header-display":"","ast-hfb-mobile-header-display":"","site-post-title":"","ast-breadcrumbs-content":"","ast-featured-img":"","footer-sml-layout":"","theme-transparent-header-meta":"default","adv-header-id-meta":"","stick-header-meta":"","header-above-stick-meta":"","header-main-stick-meta":"","header-below-stick-meta":"","astra-migrate-meta-layouts":"set","ast-page-background-enabled":"default","ast-page-background-meta":{"desktop":{"background-color":"var(--ast-global-color-4)","background-image":"","background-repeat":"repeat","background-position":"center center","background-size":"auto","background-attachment":"scroll","background-type":"","background-media":"","overlay-type":"","overlay-color":"","overlay-opacity":"","overlay-gradient":""},"tablet":{"background-color":"","background-image":"","background-repeat":"repeat","background-position":"center center","background-size":"auto","background-attachment":"scroll","background-type":"","background-media":"","overlay-type":"","overlay-color":"","overlay-opacity":"","overlay-gradient":""},"mobile":{"background-color":"","background-image":"","background-repeat":"repeat","background-position":"center center","background-size":"auto","background-attachment":"scroll","background-type":"","background-media":"","overlay-type":"","overlay-color":"","overlay-opacity":"","overlay-gradient":""}},"ast-content-background-meta":{"desktop":{"background-color":"var(--ast-global-color-5)","background-image":"","background-repeat":"repeat","background-position":"center center","background-size":"auto","background-attachment":"scroll","background-type":"","background-media":"","overlay-type":"","overlay-color":"","overlay-opacity":"","overlay-gradient":""},"tablet":{"background-color":"var(--ast-global-color-5)","background-image":"","background-repeat":"repeat","background-position":"center center","background-size":"auto","background-attachment":"scroll","background-type":"","background-media":"","overlay-type":"","overlay-color":"","overlay-opacity":"","overlay-gradient":""},"mobile":{"background-color":"var(--ast-global-color-5)","background-image":"","background-repeat":"repeat","background-position":"center center","background-size":"auto","background-attachment":"scroll","background-type":"","background-media":"","overlay-type":"","overlay-color":"","overlay-opacity":"","overlay-gradient":""}}},"product_brand":[],"product_cat":[23],"product_tag":[],"class_list":{"0":"post-492","1":"product","2":"type-product","3":"status-publish","4":"has-post-thumbnail","6":"product_cat-liemenes","7":"desktop-align-center","8":"tablet-align-left","9":"mobile-align-left","11":"first","12":"instock","13":"sold-individually","14":"shipping-taxable","15":"purchasable","16":"product-type-simple"},"jetpack_sharing_enabled":true,"_links":{"self":[{"href":"https:\/\/colorsinyourlife.lt\/index.php\/wp-json\/wp\/v2\/product\/492","targetHints":{"allow":["GET"]}}],"collection":[{"href":"https:\/\/colorsinyourlife.lt\/index.php\/wp-json\/wp\/v2\/product"}],"about":[{"href":"https:\/\/colorsinyourlife.lt\/index.php\/wp-json\/wp\/v2\/types\/product"}],"wp:featuredmedia":[{"embeddable":true,"href":"https:\/\/colorsinyourlife.lt\/index.php\/wp-json\/wp\/v2\/media\/497"}],"wp:attachment":[{"href":"https:\/\/colorsinyourlife.lt\/index.php\/wp-json\/wp\/v2\/media?parent=492"}],"wp:term":[{"taxonomy":"product_brand","embeddable":true,"href":"https:\/\/colorsinyourlife.lt\/index.php\/wp-json\/wp\/v2\/product_brand?post=492"},{"taxonomy":"product_cat","embeddable":true,"href":"https:\/\/colorsinyourlife.lt\/index.php\/wp-json\/wp\/v2\/product_cat?post=492"},{"taxonomy":"product_tag","embeddable":true,"href":"https:\/\/colorsinyourlife.lt\/index.php\/wp-json\/wp\/v2\/product_tag?post=492"}],"curies":[{"name":"wp","href":"https:\/\/api.w.org\/{rel}","templated":true}]}}