{"id":653,"date":"2025-06-11T07:39:11","date_gmt":"2025-06-11T07:39:11","guid":{"rendered":"https:\/\/colorsinyourlife.lt\/?post_type=product&#038;p=653"},"modified":"2025-06-11T15:07:33","modified_gmt":"2025-06-11T15:07:33","slug":"coco-chanel-stiliaus-svarkelis","status":"publish","type":"product","link":"https:\/\/colorsinyourlife.lt\/index.php\/product\/coco-chanel-stiliaus-svarkelis\/","title":{"rendered":"Coco Chanel stiliaus \u0161varkelis"},"content":{"rendered":"<p>Visada madinga klasika. Coco Chanel megztas \u0161varkelis. Subtili klasika prisitaikanti prie j\u016bs\u0173 silueto. I\u0161skirtinis autorinis ra\u0161tas, primenantis med\u017eiag\u0105. Mezgamas suderinus tikslius i\u0161matavimus.<\/p>\n","protected":false},"excerpt":{"rendered":"<p>Patiko? Susisiek asmenine \u017einute ir aptarkime dyd\u012f, spalv\u0105 ir kitus norus.<\/p>\n<p>U\u017esakymas tvirtinamas el. pa\u0161tu: jolanta.skuciene@gmail.com<\/p>\n","protected":false},"featured_media":652,"template":"","meta":{"site-sidebar-layout":"default","site-content-layout":"","ast-site-content-layout":"default","site-content-style":"default","site-sidebar-style":"default","ast-global-header-display":"","ast-banner-title-visibility":"","ast-main-header-display":"","ast-hfb-above-header-display":"","ast-hfb-below-header-display":"","ast-hfb-mobile-header-display":"","site-post-title":"","ast-breadcrumbs-content":"","ast-featured-img":"","footer-sml-layout":"","theme-transparent-header-meta":"default","adv-header-id-meta":"","stick-header-meta":"","header-above-stick-meta":"","header-main-stick-meta":"","header-below-stick-meta":"","astra-migrate-meta-layouts":"set","ast-page-background-enabled":"default","ast-page-background-meta":{"desktop":{"background-color":"var(--ast-global-color-4)","background-image":"","background-repeat":"repeat","background-position":"center center","background-size":"auto","background-attachment":"scroll","background-type":"","background-media":"","overlay-type":"","overlay-color":"","overlay-opacity":"","overlay-gradient":""},"tablet":{"background-color":"","background-image":"","background-repeat":"repeat","background-position":"center center","background-size":"auto","background-attachment":"scroll","background-type":"","background-media":"","overlay-type":"","overlay-color":"","overlay-opacity":"","overlay-gradient":""},"mobile":{"background-color":"","background-image":"","background-repeat":"repeat","background-position":"center center","background-size":"auto","background-attachment":"scroll","background-type":"","background-media":"","overlay-type":"","overlay-color":"","overlay-opacity":"","overlay-gradient":""}},"ast-content-background-meta":{"desktop":{"background-color":"var(--ast-global-color-5)","background-image":"","background-repeat":"repeat","background-position":"center center","background-size":"auto","background-attachment":"scroll","background-type":"","background-media":"","overlay-type":"","overlay-color":"","overlay-opacity":"","overlay-gradient":""},"tablet":{"background-color":"var(--ast-global-color-5)","background-image":"","background-repeat":"repeat","background-position":"center center","background-size":"auto","background-attachment":"scroll","background-type":"","background-media":"","overlay-type":"","overlay-color":"","overlay-opacity":"","overlay-gradient":""},"mobile":{"background-color":"var(--ast-global-color-5)","background-image":"","background-repeat":"repeat","background-position":"center center","background-size":"auto","background-attachment":"scroll","background-type":"","background-media":"","overlay-type":"","overlay-color":"","overlay-opacity":"","overlay-gradient":""}}},"product_brand":[],"product_cat":[22],"product_tag":[37,39,36,38],"class_list":{"0":"post-653","1":"product","2":"type-product","3":"status-publish","4":"has-post-thumbnail","6":"product_cat-megztiniai","7":"product_tag-coco-chanel-stilius","8":"product_tag-klasika","9":"product_tag-megztas","10":"product_tag-rastas","11":"desktop-align-center","12":"tablet-align-left","13":"mobile-align-left","15":"first","16":"instock","17":"sold-individually","18":"shipping-taxable","19":"purchasable","20":"product-type-simple"},"jetpack_sharing_enabled":true,"_links":{"self":[{"href":"https:\/\/colorsinyourlife.lt\/index.php\/wp-json\/wp\/v2\/product\/653","targetHints":{"allow":["GET"]}}],"collection":[{"href":"https:\/\/colorsinyourlife.lt\/index.php\/wp-json\/wp\/v2\/product"}],"about":[{"href":"https:\/\/colorsinyourlife.lt\/index.php\/wp-json\/wp\/v2\/types\/product"}],"wp:featuredmedia":[{"embeddable":true,"href":"https:\/\/colorsinyourlife.lt\/index.php\/wp-json\/wp\/v2\/media\/652"}],"wp:attachment":[{"href":"https:\/\/colorsinyourlife.lt\/index.php\/wp-json\/wp\/v2\/media?parent=653"}],"wp:term":[{"taxonomy":"product_brand","embeddable":true,"href":"https:\/\/colorsinyourlife.lt\/index.php\/wp-json\/wp\/v2\/product_brand?post=653"},{"taxonomy":"product_cat","embeddable":true,"href":"https:\/\/colorsinyourlife.lt\/index.php\/wp-json\/wp\/v2\/product_cat?post=653"},{"taxonomy":"product_tag","embeddable":true,"href":"https:\/\/colorsinyourlife.lt\/index.php\/wp-json\/wp\/v2\/product_tag?post=653"}],"curies":[{"name":"wp","href":"https:\/\/api.w.org\/{rel}","templated":true}]}}