{"id":95,"date":"2021-07-18T08:40:49","date_gmt":"2021-07-18T08:40:49","guid":{"rendered":"https:\/\/demo.athemes.com\/botiga\/?post_type=product&#038;p=95"},"modified":"2024-08-06T08:36:13","modified_gmt":"2024-08-06T08:36:13","slug":"auros-jazz","status":"publish","type":"product","link":"https:\/\/colorsinyourlife.lt\/index.php\/product\/auros-jazz\/","title":{"rendered":"Auros Jazz"},"content":{"rendered":"<p>M\u0117gstan\u010dioms eiti per gyvenim\u0105 Jazz ritmu. Megztas i\u0161 auk\u0161tos kokyb\u0117s merino ir PA ka\u0161myro, \u0161is kardiganas, taps nepamainomu draugu visais sezonais. I\u0161skirtinis dizainas, patogus nevar\u017eantis judesi\u0173 modelis m\u0117gstan\u010diai aktyv\u0173 gyvenim\u0105 moteriai.<\/p>\n","protected":false},"excerpt":{"rendered":"<p>Patiko? Susisiek asmenine \u017einute ir aptarkime dyd\u012f, spalv\u0105 ir kitus norus.<br \/>\nU\u017esakymas tvirtinamas el. pa\u0161tu: <a href=\"mailto:jolanta.skuciene@gmail.com\" target=\"_blank\" rel=\"nofollow noopener\">jolanta.skuciene@gmail.com<\/a> m\u0117gstan\u010dioms eiti per gyvenim\u0105 Jazz ritmu. Megztas i\u0161 auk\u0161tos kokyb\u0117s merino ir PA ka\u0161myro, \u0161is kardiganas, taps nepamainomu draugu visais sezonais. I\u0161skirtinis dizainas, patogus nevar\u017eantis judesi\u0173 modelis m\u0117gstan\u010diai aktyv\u0173 gyvenim\u0105 moteriai. m\u0117gstan\u010dioms eiti per gyvenim\u0105 Jazz ritmu. Megztas i\u0161 auk\u0161tos kokyb\u0117s merino ir PA ka\u0161myro, \u0161is kardiganas, taps nepamainomu draugu visais sezonais. I\u0161skirtinis dizainas, patogus nevar\u017eantis judesi\u0173 modelis m\u0117gstan\u010diai aktyv\u0173 gyvenim\u0105 moteriai. m\u0117gstan\u010dioms eiti per gyvenim\u0105 Jazz ritmu. Megztas i\u0161 auk\u0161tos kokyb\u0117s merino ir PA ka\u0161myro, \u0161is kardiganas, taps nepamainomu draugu visais sezonais. I\u0161skirtinis dizainas, patogus nevar\u017eantis judesi\u0173 modelis m\u0117gstan\u010diai aktyv\u0173 gyvenim\u0105 moteriai.<\/p>\n","protected":false},"featured_media":427,"template":"","meta":{"site-sidebar-layout":"default","site-content-layout":"","ast-site-content-layout":"default","site-content-style":"default","site-sidebar-style":"default","ast-global-header-display":"","ast-banner-title-visibility":"","ast-main-header-display":"","ast-hfb-above-header-display":"","ast-hfb-below-header-display":"","ast-hfb-mobile-header-display":"","site-post-title":"","ast-breadcrumbs-content":"","ast-featured-img":"","footer-sml-layout":"","theme-transparent-header-meta":"default","adv-header-id-meta":"","stick-header-meta":"","header-above-stick-meta":"","header-main-stick-meta":"","header-below-stick-meta":"","astra-migrate-meta-layouts":"set","ast-page-background-enabled":"default","ast-page-background-meta":{"desktop":{"background-color":"var(--ast-global-color-4)","background-image":"","background-repeat":"repeat","background-position":"center center","background-size":"auto","background-attachment":"scroll","background-type":"","background-media":"","overlay-type":"","overlay-color":"","overlay-opacity":"","overlay-gradient":""},"tablet":{"background-color":"","background-image":"","background-repeat":"repeat","background-position":"center center","background-size":"auto","background-attachment":"scroll","background-type":"","background-media":"","overlay-type":"","overlay-color":"","overlay-opacity":"","overlay-gradient":""},"mobile":{"background-color":"","background-image":"","background-repeat":"repeat","background-position":"center center","background-size":"auto","background-attachment":"scroll","background-type":"","background-media":"","overlay-type":"","overlay-color":"","overlay-opacity":"","overlay-gradient":""}},"ast-content-background-meta":{"desktop":{"background-color":"var(--ast-global-color-5)","background-image":"","background-repeat":"repeat","background-position":"center center","background-size":"auto","background-attachment":"scroll","background-type":"","background-media":"","overlay-type":"","overlay-color":"","overlay-opacity":"","overlay-gradient":""},"tablet":{"background-color":"var(--ast-global-color-5)","background-image":"","background-repeat":"repeat","background-position":"center center","background-size":"auto","background-attachment":"scroll","background-type":"","background-media":"","overlay-type":"","overlay-color":"","overlay-opacity":"","overlay-gradient":""},"mobile":{"background-color":"var(--ast-global-color-5)","background-image":"","background-repeat":"repeat","background-position":"center center","background-size":"auto","background-attachment":"scroll","background-type":"","background-media":"","overlay-type":"","overlay-color":"","overlay-opacity":"","overlay-gradient":""}}},"product_brand":[],"product_cat":[16],"product_tag":[25],"class_list":{"0":"post-95","1":"product","2":"type-product","3":"status-publish","4":"has-post-thumbnail","6":"product_cat-bekategorijos","7":"product_tag-kardiganai","8":"desktop-align-center","9":"tablet-align-left","10":"mobile-align-left","12":"first","13":"instock","14":"sale","15":"shipping-taxable","16":"purchasable","17":"product-type-simple"},"jetpack_sharing_enabled":true,"_links":{"self":[{"href":"https:\/\/colorsinyourlife.lt\/index.php\/wp-json\/wp\/v2\/product\/95","targetHints":{"allow":["GET"]}}],"collection":[{"href":"https:\/\/colorsinyourlife.lt\/index.php\/wp-json\/wp\/v2\/product"}],"about":[{"href":"https:\/\/colorsinyourlife.lt\/index.php\/wp-json\/wp\/v2\/types\/product"}],"wp:featuredmedia":[{"embeddable":true,"href":"https:\/\/colorsinyourlife.lt\/index.php\/wp-json\/wp\/v2\/media\/427"}],"wp:attachment":[{"href":"https:\/\/colorsinyourlife.lt\/index.php\/wp-json\/wp\/v2\/media?parent=95"}],"wp:term":[{"taxonomy":"product_brand","embeddable":true,"href":"https:\/\/colorsinyourlife.lt\/index.php\/wp-json\/wp\/v2\/product_brand?post=95"},{"taxonomy":"product_cat","embeddable":true,"href":"https:\/\/colorsinyourlife.lt\/index.php\/wp-json\/wp\/v2\/product_cat?post=95"},{"taxonomy":"product_tag","embeddable":true,"href":"https:\/\/colorsinyourlife.lt\/index.php\/wp-json\/wp\/v2\/product_tag?post=95"}],"curies":[{"name":"wp","href":"https:\/\/api.w.org\/{rel}","templated":true}]}}